{"id":2642,"date":"2023-10-13T02:08:39","date_gmt":"2023-10-13T02:08:39","guid":{"rendered":"https:\/\/labodegademariaa.com\/?post_type=product&#038;p=2642"},"modified":"2024-06-17T09:33:19","modified_gmt":"2024-06-17T09:33:19","slug":"avene-resistente-al-agua","status":"publish","type":"product","link":"https:\/\/labodegademariaa.com\/index.php\/product\/avene-resistente-al-agua\/","title":{"rendered":"Avene resistente al agua,SPF50+ 150ml"},"content":{"rendered":"<p>Av\u00e8ne Intense Protect Fluido SPF50+\u00a0 es una protecci\u00f3n solar de espectro ultra amplio para pieles sensibles del rostro y cuerpo. La fotoprotecci\u00f3n se extiende mas all\u00e1 de los rayos UVB &#8211; UVA a la luz azul visible de alta energ\u00eda. Es una protecci\u00f3n indicada para las condiciones solares m\u00e1s intensas, as\u00ed como para las pieles m\u00e1s sensibles. Agua Termal de av\u00e8ne, conocida por sus propiedades calmantes y suavizantes. Indicado para beb\u00e9s a partir de seis meses, ni\u00f1os, mujeres embarazadas, pacientes post-operatorios y pieles tatuadas post-epid\u00e9rmico. su f\u00f3rmula ofrece una tolerancia cut\u00e1nea y ocular muy alta.<\/p>\n","protected":false},"excerpt":{"rendered":"<p>Av\u00e8ne Intense Protect Fluido SPF50+\u00a0 es una protecci\u00f3n solar de espectro ultra amplio para pieles sensibles del rostro y cuerpo. La fotoprotecci\u00f3n se extiende mas all\u00e1 de los rayos UVB &#8211; UVA a la luz azul visible de alta energ\u00eda. Es una protecci\u00f3n indicada para las condiciones solares m\u00e1s intensas, as\u00ed como para las pieles<\/p>\n<div class=\"klb-readmore entry-button\"><a class=\"btn read-more\" href=\"https:\/\/labodegademariaa.com\/index.php\/product\/avene-resistente-al-agua\/\">Read More<\/a><\/div>\n","protected":false},"featured_media":2643,"comment_status":"open","ping_status":"closed","template":"","meta":{"_joinchat":[]},"product_cat":[132],"product_tag":[],"_links":{"self":[{"href":"https:\/\/labodegademariaa.com\/index.php\/wp-json\/wp\/v2\/product\/2642"}],"collection":[{"href":"https:\/\/labodegademariaa.com\/index.php\/wp-json\/wp\/v2\/product"}],"about":[{"href":"https:\/\/labodegademariaa.com\/index.php\/wp-json\/wp\/v2\/types\/product"}],"replies":[{"embeddable":true,"href":"https:\/\/labodegademariaa.com\/index.php\/wp-json\/wp\/v2\/comments?post=2642"}],"wp:featuredmedia":[{"embeddable":true,"href":"https:\/\/labodegademariaa.com\/index.php\/wp-json\/wp\/v2\/media\/2643"}],"wp:attachment":[{"href":"https:\/\/labodegademariaa.com\/index.php\/wp-json\/wp\/v2\/media?parent=2642"}],"wp:term":[{"taxonomy":"product_cat","embeddable":true,"href":"https:\/\/labodegademariaa.com\/index.php\/wp-json\/wp\/v2\/product_cat?post=2642"},{"taxonomy":"product_tag","embeddable":true,"href":"https:\/\/labodegademariaa.com\/index.php\/wp-json\/wp\/v2\/product_tag?post=2642"}],"curies":[{"name":"wp","href":"https:\/\/api.w.org\/{rel}","templated":true}]}}