{"id":2649,"date":"2023-10-13T02:13:48","date_gmt":"2023-10-13T02:13:48","guid":{"rendered":"https:\/\/labodegademariaa.com\/?post_type=product&#038;p=2649"},"modified":"2024-06-24T09:05:34","modified_gmt":"2024-06-24T09:05:34","slug":"kiko-crema-bright-de-noche-50ml","status":"publish","type":"product","link":"https:\/\/labodegademariaa.com\/index.php\/product\/kiko-crema-bright-de-noche-50ml\/","title":{"rendered":"Kiko crema bright de noche 50ml"},"content":{"rendered":"<p>Crema Bright de noche, es una crema nutritiva antiarrugas con retinol: nutre intensamente la piel, suaviza las arrugas y los signos de la edad, regalando un aspecto m\u00e1s joven. Los ingredientes activos espec\u00edficos protegen contra el estr\u00e9s oxidativo y dan una apariencia saludable.<\/p>\n<p>El aceite de arg\u00e1n tiene acci\u00f3n antioxidante, el retinol reduce los signos de la edad y mejora la elasticidad de la piel. La textura es rica y de r\u00e1pida absorci\u00f3n, delicamente perfumada con orqu\u00eddea y bergamota. Apta pra todo tipo de piel.<\/p>\n","protected":false},"excerpt":{"rendered":"<p>Crema Bright de noche, es una crema nutritiva antiarrugas con retinol: nutre intensamente la piel, suaviza las arrugas y los signos de la edad, regalando un aspecto m\u00e1s joven. Los ingredientes activos espec\u00edficos protegen contra el estr\u00e9s oxidativo y dan una apariencia saludable. El aceite de arg\u00e1n tiene acci\u00f3n antioxidante, el retinol reduce los signos<\/p>\n<div class=\"klb-readmore entry-button\"><a class=\"btn read-more\" href=\"https:\/\/labodegademariaa.com\/index.php\/product\/kiko-crema-bright-de-noche-50ml\/\">Read More<\/a><\/div>\n","protected":false},"featured_media":2650,"comment_status":"open","ping_status":"closed","template":"","meta":{"_joinchat":[]},"product_cat":[136,133],"product_tag":[],"_links":{"self":[{"href":"https:\/\/labodegademariaa.com\/index.php\/wp-json\/wp\/v2\/product\/2649"}],"collection":[{"href":"https:\/\/labodegademariaa.com\/index.php\/wp-json\/wp\/v2\/product"}],"about":[{"href":"https:\/\/labodegademariaa.com\/index.php\/wp-json\/wp\/v2\/types\/product"}],"replies":[{"embeddable":true,"href":"https:\/\/labodegademariaa.com\/index.php\/wp-json\/wp\/v2\/comments?post=2649"}],"wp:featuredmedia":[{"embeddable":true,"href":"https:\/\/labodegademariaa.com\/index.php\/wp-json\/wp\/v2\/media\/2650"}],"wp:attachment":[{"href":"https:\/\/labodegademariaa.com\/index.php\/wp-json\/wp\/v2\/media?parent=2649"}],"wp:term":[{"taxonomy":"product_cat","embeddable":true,"href":"https:\/\/labodegademariaa.com\/index.php\/wp-json\/wp\/v2\/product_cat?post=2649"},{"taxonomy":"product_tag","embeddable":true,"href":"https:\/\/labodegademariaa.com\/index.php\/wp-json\/wp\/v2\/product_tag?post=2649"}],"curies":[{"name":"wp","href":"https:\/\/api.w.org\/{rel}","templated":true}]}}