{"id":2651,"date":"2023-10-13T02:15:28","date_gmt":"2023-10-13T02:15:28","guid":{"rendered":"https:\/\/labodegademariaa.com\/?post_type=product&#038;p=2651"},"modified":"2024-06-24T08:57:48","modified_gmt":"2024-06-24T08:57:48","slug":"kiko-crema-bright-de-dia-50-ml","status":"publish","type":"product","link":"https:\/\/labodegademariaa.com\/index.php\/product\/kiko-crema-bright-de-dia-50-ml\/","title":{"rendered":"Kiko crema bright de dia 50 ml"},"content":{"rendered":"<p>Kiko crema bright de dia, lifting iluminadora con col\u00e1geno marino: tonifica, suaviza las l\u00edneas de expresi\u00f3n y arrugas, aporta luminosidad . Los ingredientes activos espec\u00edficos protegen contra el estr\u00e9s oxidativo y dan una apariencia saludable.<\/p>\n<p>La f\u00f3rmula tambi\u00e9n contiene Actiglow, una revolucionaria tecnolog\u00eda cosm\u00e9tica capaz de resaltar la belleza de la piel. De textura rica y sedosa, con un delicado aroma a camelia y rosa en el fondo de tu piel.\u00a0 Indicado para pieles normales a secas.<\/p>\n<p>&nbsp;<\/p>\n","protected":false},"excerpt":{"rendered":"<p>Kiko crema bright de dia, lifting iluminadora con col\u00e1geno marino: tonifica, suaviza las l\u00edneas de expresi\u00f3n y arrugas, aporta luminosidad . Los ingredientes activos espec\u00edficos protegen contra el estr\u00e9s oxidativo y dan una apariencia saludable. La f\u00f3rmula tambi\u00e9n contiene Actiglow, una revolucionaria tecnolog\u00eda cosm\u00e9tica capaz de resaltar la belleza de la piel. De textura rica<\/p>\n<div class=\"klb-readmore entry-button\"><a class=\"btn read-more\" href=\"https:\/\/labodegademariaa.com\/index.php\/product\/kiko-crema-bright-de-dia-50-ml\/\">Read More<\/a><\/div>\n","protected":false},"featured_media":2652,"comment_status":"open","ping_status":"closed","template":"","meta":{"_joinchat":[]},"product_cat":[136,133],"product_tag":[],"_links":{"self":[{"href":"https:\/\/labodegademariaa.com\/index.php\/wp-json\/wp\/v2\/product\/2651"}],"collection":[{"href":"https:\/\/labodegademariaa.com\/index.php\/wp-json\/wp\/v2\/product"}],"about":[{"href":"https:\/\/labodegademariaa.com\/index.php\/wp-json\/wp\/v2\/types\/product"}],"replies":[{"embeddable":true,"href":"https:\/\/labodegademariaa.com\/index.php\/wp-json\/wp\/v2\/comments?post=2651"}],"wp:featuredmedia":[{"embeddable":true,"href":"https:\/\/labodegademariaa.com\/index.php\/wp-json\/wp\/v2\/media\/2652"}],"wp:attachment":[{"href":"https:\/\/labodegademariaa.com\/index.php\/wp-json\/wp\/v2\/media?parent=2651"}],"wp:term":[{"taxonomy":"product_cat","embeddable":true,"href":"https:\/\/labodegademariaa.com\/index.php\/wp-json\/wp\/v2\/product_cat?post=2651"},{"taxonomy":"product_tag","embeddable":true,"href":"https:\/\/labodegademariaa.com\/index.php\/wp-json\/wp\/v2\/product_tag?post=2651"}],"curies":[{"name":"wp","href":"https:\/\/api.w.org\/{rel}","templated":true}]}}