{"id":2654,"date":"2023-10-13T03:12:41","date_gmt":"2023-10-13T03:12:41","guid":{"rendered":"https:\/\/labodegademariaa.com\/?post_type=product&#038;p=2654"},"modified":"2024-07-30T08:01:49","modified_gmt":"2024-07-30T08:01:49","slug":"kiko-ontorno-de-ojos-bright-15ml","status":"publish","type":"product","link":"https:\/\/labodegademariaa.com\/index.php\/product\/kiko-ontorno-de-ojos-bright-15ml\/","title":{"rendered":"Kiko contorno de ojos bright 15ml"},"content":{"rendered":"<p>Contorno de ojos lifting con col\u00e1geno marino, hidrata durante mucho tiempo, combate las arrugas, reduce bolsas y ojeras, tonifica e ilumina el contorno de ojos. Mejora el rendimiento del maquillaje. Los ingredientes activos espec\u00edficos protegen contra el estr\u00e9s oxidativo y dan una apariencia saludable. La textura cremosa se absorbe f\u00e1cilmente, delicadamente perfumado con camelia y rosa.<\/p>\n<p>Apto para todo tipo de pieles.<\/p>\n","protected":false},"excerpt":{"rendered":"<p>Contorno de ojos lifting con col\u00e1geno marino, hidrata durante mucho tiempo, combate las arrugas, reduce bolsas y ojeras, tonifica e ilumina el contorno de ojos. Mejora el rendimiento del maquillaje. Los ingredientes activos espec\u00edficos protegen contra el estr\u00e9s oxidativo y dan una apariencia saludable. La textura cremosa se absorbe f\u00e1cilmente, delicadamente perfumado con camelia y<\/p>\n<div class=\"klb-readmore entry-button\"><a class=\"btn read-more\" href=\"https:\/\/labodegademariaa.com\/index.php\/product\/kiko-ontorno-de-ojos-bright-15ml\/\">Read More<\/a><\/div>\n","protected":false},"featured_media":2655,"comment_status":"open","ping_status":"closed","template":"","meta":{"_joinchat":[]},"product_cat":[136,133],"product_tag":[],"_links":{"self":[{"href":"https:\/\/labodegademariaa.com\/index.php\/wp-json\/wp\/v2\/product\/2654"}],"collection":[{"href":"https:\/\/labodegademariaa.com\/index.php\/wp-json\/wp\/v2\/product"}],"about":[{"href":"https:\/\/labodegademariaa.com\/index.php\/wp-json\/wp\/v2\/types\/product"}],"replies":[{"embeddable":true,"href":"https:\/\/labodegademariaa.com\/index.php\/wp-json\/wp\/v2\/comments?post=2654"}],"wp:featuredmedia":[{"embeddable":true,"href":"https:\/\/labodegademariaa.com\/index.php\/wp-json\/wp\/v2\/media\/2655"}],"wp:attachment":[{"href":"https:\/\/labodegademariaa.com\/index.php\/wp-json\/wp\/v2\/media?parent=2654"}],"wp:term":[{"taxonomy":"product_cat","embeddable":true,"href":"https:\/\/labodegademariaa.com\/index.php\/wp-json\/wp\/v2\/product_cat?post=2654"},{"taxonomy":"product_tag","embeddable":true,"href":"https:\/\/labodegademariaa.com\/index.php\/wp-json\/wp\/v2\/product_tag?post=2654"}],"curies":[{"name":"wp","href":"https:\/\/api.w.org\/{rel}","templated":true}]}}