{"id":2658,"date":"2023-10-13T03:16:52","date_gmt":"2023-10-13T03:16:52","guid":{"rendered":"https:\/\/labodegademariaa.com\/?post_type=product&#038;p=2658"},"modified":"2024-07-02T20:45:05","modified_gmt":"2024-07-02T20:45:05","slug":"kiko-crema-sublime-de-dia-50-ml","status":"publish","type":"product","link":"https:\/\/labodegademariaa.com\/index.php\/product\/kiko-crema-sublime-de-dia-50-ml\/","title":{"rendered":"Kiko crema sublime de dia 50 ml"},"content":{"rendered":"<p>Crema Sublime de dia nutritiva antiarrugas con retinol, nutre en profundiad, mejora los signos de expresi\u00f3n, redensifica el volumen facial, aporta luminosidad y tersura. Los ingredientes activos espec\u00edficos protegen contra el estr\u00e9s oxidativo y dan una apariencia saludable. El extracto de la corteza del boldo chileno mejora la luminosidad de la piel, la acci\u00f3n antiarrugas est\u00e1 garantizada por el retinol, que ayuda a reducir los signos de expresi\u00f3n. La f\u00f3rmula tambi\u00e9n contiene Actiglow, una revolucionaria tecnolog\u00eda cosm\u00e9tica capaz de sublimar la belleza de la piel. Delicadamente perfumado con orqu\u00eddea y bergamota. Apto para todo tipode pieles.<\/p>\n","protected":false},"excerpt":{"rendered":"<p>Crema Sublime de dia nutritiva antiarrugas con retinol, nutre en profundiad, mejora los signos de expresi\u00f3n, redensifica el volumen facial, aporta luminosidad y tersura. Los ingredientes activos espec\u00edficos protegen contra el estr\u00e9s oxidativo y dan una apariencia saludable. El extracto de la corteza del boldo chileno mejora la luminosidad de la piel, la acci\u00f3n antiarrugas<\/p>\n<div class=\"klb-readmore entry-button\"><a class=\"btn read-more\" href=\"https:\/\/labodegademariaa.com\/index.php\/product\/kiko-crema-sublime-de-dia-50-ml\/\">Read More<\/a><\/div>\n","protected":false},"featured_media":2659,"comment_status":"open","ping_status":"closed","template":"","meta":{"_joinchat":[]},"product_cat":[136,133],"product_tag":[],"_links":{"self":[{"href":"https:\/\/labodegademariaa.com\/index.php\/wp-json\/wp\/v2\/product\/2658"}],"collection":[{"href":"https:\/\/labodegademariaa.com\/index.php\/wp-json\/wp\/v2\/product"}],"about":[{"href":"https:\/\/labodegademariaa.com\/index.php\/wp-json\/wp\/v2\/types\/product"}],"replies":[{"embeddable":true,"href":"https:\/\/labodegademariaa.com\/index.php\/wp-json\/wp\/v2\/comments?post=2658"}],"wp:featuredmedia":[{"embeddable":true,"href":"https:\/\/labodegademariaa.com\/index.php\/wp-json\/wp\/v2\/media\/2659"}],"wp:attachment":[{"href":"https:\/\/labodegademariaa.com\/index.php\/wp-json\/wp\/v2\/media?parent=2658"}],"wp:term":[{"taxonomy":"product_cat","embeddable":true,"href":"https:\/\/labodegademariaa.com\/index.php\/wp-json\/wp\/v2\/product_cat?post=2658"},{"taxonomy":"product_tag","embeddable":true,"href":"https:\/\/labodegademariaa.com\/index.php\/wp-json\/wp\/v2\/product_tag?post=2658"}],"curies":[{"name":"wp","href":"https:\/\/api.w.org\/{rel}","templated":true}]}}