{"id":2661,"date":"2023-10-13T03:20:23","date_gmt":"2023-10-13T03:20:23","guid":{"rendered":"https:\/\/labodegademariaa.com\/?post_type=product&#038;p=2661"},"modified":"2024-07-30T08:09:14","modified_gmt":"2024-07-30T08:09:14","slug":"kiko-crema-sublime-de-noche-50-ml","status":"publish","type":"product","link":"https:\/\/labodegademariaa.com\/index.php\/product\/kiko-crema-sublime-de-noche-50-ml\/","title":{"rendered":"Kiko crema sublime de noche 50 ml"},"content":{"rendered":"<p>Crema Sublime de noche\u00a0 nutritiva antiarrugas con retinol, nutre intensamente la piel, suaviza las arrugas y los signos de la edad, revelando un aspecto m\u00e1s joven y relajado al despertar. Los ingredientes activos espec\u00edficos protegen contra el estr\u00e9s oxidativo y dan una apariencia saludable.<\/p>\n<p>El aceite de arg\u00e1n tiene una acci\u00f3n antiarrugas est\u00e1 garantizada por el retinol, que reduce los signos de la edad y mejora la elasticidad de la piel. La f\u00f3rmula tambi\u00e9n contiene Actiglow, una revolucionaria tecnolog\u00eda cosm\u00e9tica capaz de sublimar la belleza de la piel y al mismo tiempo del maquillaje. La textura es rica de una r\u00e1pida absorci\u00f3n y nutre la piel mientras duermes.<\/p>\n","protected":false},"excerpt":{"rendered":"<p>Crema Sublime de noche\u00a0 nutritiva antiarrugas con retinol, nutre intensamente la piel, suaviza las arrugas y los signos de la edad, revelando un aspecto m\u00e1s joven y relajado al despertar. Los ingredientes activos espec\u00edficos protegen contra el estr\u00e9s oxidativo y dan una apariencia saludable. El aceite de arg\u00e1n tiene una acci\u00f3n antiarrugas est\u00e1 garantizada por<\/p>\n<div class=\"klb-readmore entry-button\"><a class=\"btn read-more\" href=\"https:\/\/labodegademariaa.com\/index.php\/product\/kiko-crema-sublime-de-noche-50-ml\/\">Read More<\/a><\/div>\n","protected":false},"featured_media":2663,"comment_status":"open","ping_status":"closed","template":"","meta":{"_joinchat":[]},"product_cat":[136,133],"product_tag":[],"_links":{"self":[{"href":"https:\/\/labodegademariaa.com\/index.php\/wp-json\/wp\/v2\/product\/2661"}],"collection":[{"href":"https:\/\/labodegademariaa.com\/index.php\/wp-json\/wp\/v2\/product"}],"about":[{"href":"https:\/\/labodegademariaa.com\/index.php\/wp-json\/wp\/v2\/types\/product"}],"replies":[{"embeddable":true,"href":"https:\/\/labodegademariaa.com\/index.php\/wp-json\/wp\/v2\/comments?post=2661"}],"wp:featuredmedia":[{"embeddable":true,"href":"https:\/\/labodegademariaa.com\/index.php\/wp-json\/wp\/v2\/media\/2663"}],"wp:attachment":[{"href":"https:\/\/labodegademariaa.com\/index.php\/wp-json\/wp\/v2\/media?parent=2661"}],"wp:term":[{"taxonomy":"product_cat","embeddable":true,"href":"https:\/\/labodegademariaa.com\/index.php\/wp-json\/wp\/v2\/product_cat?post=2661"},{"taxonomy":"product_tag","embeddable":true,"href":"https:\/\/labodegademariaa.com\/index.php\/wp-json\/wp\/v2\/product_tag?post=2661"}],"curies":[{"name":"wp","href":"https:\/\/api.w.org\/{rel}","templated":true}]}}