{"id":2666,"date":"2023-10-13T03:22:22","date_gmt":"2023-10-13T03:22:22","guid":{"rendered":"https:\/\/labodegademariaa.com\/?post_type=product&#038;p=2666"},"modified":"2024-07-30T07:55:02","modified_gmt":"2024-07-30T07:55:02","slug":"kiko-serum-sublime-15-ml","status":"publish","type":"product","link":"https:\/\/labodegademariaa.com\/index.php\/product\/kiko-serum-sublime-15-ml\/","title":{"rendered":"Kiko serum sublime  15 ml"},"content":{"rendered":"<p>Suero antiarrugas concentrado con retinol,\u00a0 regala luminosidad y uniformidad a tu piel, alisa las arrugas y los signos de cansancio, los ingredientes activos espec\u00edficos protegen contra el estr\u00e9s oxidativo y dan una apariencia saludable. La acci\u00f3n antiarrugas est\u00e1 garantizada por el retinos que reduce los signos de edad y mejora la elasticidad de la piel.\u00a0 La f\u00f3rmula tambi\u00e9n contiene Actiglow, una revolucionaria tecnolog\u00eda cosm\u00e9tica capaz de sublimar la belleza de la piel.<\/p>\n<p>Apto para todo tipo de piel<\/p>\n","protected":false},"excerpt":{"rendered":"<p>Suero antiarrugas concentrado con retinol,\u00a0 regala luminosidad y uniformidad a tu piel, alisa las arrugas y los signos de cansancio, los ingredientes activos espec\u00edficos protegen contra el estr\u00e9s oxidativo y dan una apariencia saludable. La acci\u00f3n antiarrugas est\u00e1 garantizada por el retinos que reduce los signos de edad y mejora la elasticidad de la piel.\u00a0<\/p>\n<div class=\"klb-readmore entry-button\"><a class=\"btn read-more\" href=\"https:\/\/labodegademariaa.com\/index.php\/product\/kiko-serum-sublime-15-ml\/\">Read More<\/a><\/div>\n","protected":false},"featured_media":2667,"comment_status":"open","ping_status":"closed","template":"","meta":{"_joinchat":[]},"product_cat":[136],"product_tag":[],"_links":{"self":[{"href":"https:\/\/labodegademariaa.com\/index.php\/wp-json\/wp\/v2\/product\/2666"}],"collection":[{"href":"https:\/\/labodegademariaa.com\/index.php\/wp-json\/wp\/v2\/product"}],"about":[{"href":"https:\/\/labodegademariaa.com\/index.php\/wp-json\/wp\/v2\/types\/product"}],"replies":[{"embeddable":true,"href":"https:\/\/labodegademariaa.com\/index.php\/wp-json\/wp\/v2\/comments?post=2666"}],"wp:featuredmedia":[{"embeddable":true,"href":"https:\/\/labodegademariaa.com\/index.php\/wp-json\/wp\/v2\/media\/2667"}],"wp:attachment":[{"href":"https:\/\/labodegademariaa.com\/index.php\/wp-json\/wp\/v2\/media?parent=2666"}],"wp:term":[{"taxonomy":"product_cat","embeddable":true,"href":"https:\/\/labodegademariaa.com\/index.php\/wp-json\/wp\/v2\/product_cat?post=2666"},{"taxonomy":"product_tag","embeddable":true,"href":"https:\/\/labodegademariaa.com\/index.php\/wp-json\/wp\/v2\/product_tag?post=2666"}],"curies":[{"name":"wp","href":"https:\/\/api.w.org\/{rel}","templated":true}]}}