{"id":2668,"date":"2023-10-13T03:23:35","date_gmt":"2023-10-13T03:23:35","guid":{"rendered":"https:\/\/labodegademariaa.com\/?post_type=product&#038;p=2668"},"modified":"2024-06-18T07:40:24","modified_gmt":"2024-06-18T07:40:24","slug":"cerave-crema-de-noche-52ml","status":"publish","type":"product","link":"https:\/\/labodegademariaa.com\/index.php\/product\/cerave-crema-de-noche-52ml\/","title":{"rendered":"Cerave crema de noche 52ml"},"content":{"rendered":"<p>Cerave crema Hidratante, ayuda a restaurar la barrera protectora de la piel del rostro y cuello, esta crema de textura ligera y no grasa, con 3 ceramidas esenciales y \u00e1cido hialur\u00f3nico, hidrata en profundidad la piel durante mucho tiempo. No comedog\u00e9nico, no obstruye los poros, desarrollada en colaboraci\u00f3n con dermat\u00f3logos.<\/p>\n<p>&nbsp;<\/p>\n","protected":false},"excerpt":{"rendered":"<p>Cerave crema Hidratante, ayuda a restaurar la barrera protectora de la piel del rostro y cuello, esta crema de textura ligera y no grasa, con 3 ceramidas esenciales y \u00e1cido hialur\u00f3nico, hidrata en profundidad la piel durante mucho tiempo. No comedog\u00e9nico, no obstruye los poros, desarrollada en colaboraci\u00f3n con dermat\u00f3logos. &nbsp;<\/p>\n","protected":false},"featured_media":2669,"comment_status":"open","ping_status":"closed","template":"","meta":{"_joinchat":[]},"product_cat":[134,136],"product_tag":[],"_links":{"self":[{"href":"https:\/\/labodegademariaa.com\/index.php\/wp-json\/wp\/v2\/product\/2668"}],"collection":[{"href":"https:\/\/labodegademariaa.com\/index.php\/wp-json\/wp\/v2\/product"}],"about":[{"href":"https:\/\/labodegademariaa.com\/index.php\/wp-json\/wp\/v2\/types\/product"}],"replies":[{"embeddable":true,"href":"https:\/\/labodegademariaa.com\/index.php\/wp-json\/wp\/v2\/comments?post=2668"}],"wp:featuredmedia":[{"embeddable":true,"href":"https:\/\/labodegademariaa.com\/index.php\/wp-json\/wp\/v2\/media\/2669"}],"wp:attachment":[{"href":"https:\/\/labodegademariaa.com\/index.php\/wp-json\/wp\/v2\/media?parent=2668"}],"wp:term":[{"taxonomy":"product_cat","embeddable":true,"href":"https:\/\/labodegademariaa.com\/index.php\/wp-json\/wp\/v2\/product_cat?post=2668"},{"taxonomy":"product_tag","embeddable":true,"href":"https:\/\/labodegademariaa.com\/index.php\/wp-json\/wp\/v2\/product_tag?post=2668"}],"curies":[{"name":"wp","href":"https:\/\/api.w.org\/{rel}","templated":true}]}}