{"id":2676,"date":"2023-10-13T03:36:06","date_gmt":"2023-10-13T03:36:06","guid":{"rendered":"https:\/\/labodegademariaa.com\/?post_type=product&#038;p=2676"},"modified":"2024-06-24T08:34:22","modified_gmt":"2024-06-24T08:34:22","slug":"cerave-crema-limpiadora-236-ml","status":"publish","type":"product","link":"https:\/\/labodegademariaa.com\/index.php\/product\/cerave-crema-limpiadora-236-ml\/","title":{"rendered":"Cerave crema limpiadora 236 ml"},"content":{"rendered":"<p>Hydrating Cleanser, es una crema limpiadora para pieles Normales a Secas, formulada con \u00e1cido hyalur\u00f3nico y ceramidas, hidrata y ayuda a resturar la barrera protectora de la piel. Esta loci\u00f3n no espumosa, elimina suavemente las impurezas y el exceso de sebo, mejorando la hidrataci\u00f3n de la piel. No comedog\u00e9nico y sin perfume.<\/p>\n<p>&nbsp;<\/p>\n","protected":false},"excerpt":{"rendered":"<p>Hydrating Cleanser, es una crema limpiadora para pieles Normales a Secas, formulada con \u00e1cido hyalur\u00f3nico y ceramidas, hidrata y ayuda a resturar la barrera protectora de la piel. Esta loci\u00f3n no espumosa, elimina suavemente las impurezas y el exceso de sebo, mejorando la hidrataci\u00f3n de la piel. No comedog\u00e9nico y sin perfume. &nbsp;<\/p>\n","protected":false},"featured_media":2677,"comment_status":"open","ping_status":"closed","template":"","meta":{"_joinchat":[]},"product_cat":[134,136],"product_tag":[],"_links":{"self":[{"href":"https:\/\/labodegademariaa.com\/index.php\/wp-json\/wp\/v2\/product\/2676"}],"collection":[{"href":"https:\/\/labodegademariaa.com\/index.php\/wp-json\/wp\/v2\/product"}],"about":[{"href":"https:\/\/labodegademariaa.com\/index.php\/wp-json\/wp\/v2\/types\/product"}],"replies":[{"embeddable":true,"href":"https:\/\/labodegademariaa.com\/index.php\/wp-json\/wp\/v2\/comments?post=2676"}],"wp:featuredmedia":[{"embeddable":true,"href":"https:\/\/labodegademariaa.com\/index.php\/wp-json\/wp\/v2\/media\/2677"}],"wp:attachment":[{"href":"https:\/\/labodegademariaa.com\/index.php\/wp-json\/wp\/v2\/media?parent=2676"}],"wp:term":[{"taxonomy":"product_cat","embeddable":true,"href":"https:\/\/labodegademariaa.com\/index.php\/wp-json\/wp\/v2\/product_cat?post=2676"},{"taxonomy":"product_tag","embeddable":true,"href":"https:\/\/labodegademariaa.com\/index.php\/wp-json\/wp\/v2\/product_tag?post=2676"}],"curies":[{"name":"wp","href":"https:\/\/api.w.org\/{rel}","templated":true}]}}