{"id":2852,"date":"2024-04-11T05:17:28","date_gmt":"2024-04-11T05:17:28","guid":{"rendered":"https:\/\/labodegademariaa.com\/?post_type=product&#038;p=2852"},"modified":"2024-07-30T08:33:39","modified_gmt":"2024-07-30T08:33:39","slug":"uriage-bariesun-stick-invisible-spf50-8ml","status":"publish","type":"product","link":"https:\/\/labodegademariaa.com\/index.php\/product\/uriage-bariesun-stick-invisible-spf50-8ml\/","title":{"rendered":"Uriage bari\u00e9sun stick invisible SPF50 + 8ml"},"content":{"rendered":"<p>Esta barra en stick est\u00e1 especialmente indicada para proteger zonas m\u00e1s sensibles, como nariz, orejas, y cicatrices. Protege contra los rayos UV el nuevo sistema de filtrado de \u00faltima generaci\u00f3n garantiza una muy alta protecci\u00f3n contra los rayos UV, garantizando una fotoestabilidad probada y una amplia cobertura UVB-UVA.<\/p>\n<p>Su aplicaci\u00f3n es f\u00e1cil, precisa y permanece invisible. Tamano de bolsillo siempre a mano e ideal para deportistas.<\/p>\n<p>Hipoalerg\u00e9nico, no comedog\u00e9nico<\/p>\n","protected":false},"excerpt":{"rendered":"<p>Esta barra en stick est\u00e1 especialmente indicada para proteger zonas m\u00e1s sensibles, como nariz, orejas, y cicatrices. Protege contra los rayos UV el nuevo sistema de filtrado de \u00faltima generaci\u00f3n garantiza una muy alta protecci\u00f3n contra los rayos UV, garantizando una fotoestabilidad probada y una amplia cobertura UVB-UVA. Su aplicaci\u00f3n es f\u00e1cil, precisa y permanece<\/p>\n<div class=\"klb-readmore entry-button\"><a class=\"btn read-more\" href=\"https:\/\/labodegademariaa.com\/index.php\/product\/uriage-bariesun-stick-invisible-spf50-8ml\/\">Read More<\/a><\/div>\n","protected":false},"featured_media":2853,"comment_status":"open","ping_status":"closed","template":"","meta":{"_joinchat":[]},"product_cat":[129,140],"product_tag":[],"_links":{"self":[{"href":"https:\/\/labodegademariaa.com\/index.php\/wp-json\/wp\/v2\/product\/2852"}],"collection":[{"href":"https:\/\/labodegademariaa.com\/index.php\/wp-json\/wp\/v2\/product"}],"about":[{"href":"https:\/\/labodegademariaa.com\/index.php\/wp-json\/wp\/v2\/types\/product"}],"replies":[{"embeddable":true,"href":"https:\/\/labodegademariaa.com\/index.php\/wp-json\/wp\/v2\/comments?post=2852"}],"wp:featuredmedia":[{"embeddable":true,"href":"https:\/\/labodegademariaa.com\/index.php\/wp-json\/wp\/v2\/media\/2853"}],"wp:attachment":[{"href":"https:\/\/labodegademariaa.com\/index.php\/wp-json\/wp\/v2\/media?parent=2852"}],"wp:term":[{"taxonomy":"product_cat","embeddable":true,"href":"https:\/\/labodegademariaa.com\/index.php\/wp-json\/wp\/v2\/product_cat?post=2852"},{"taxonomy":"product_tag","embeddable":true,"href":"https:\/\/labodegademariaa.com\/index.php\/wp-json\/wp\/v2\/product_tag?post=2852"}],"curies":[{"name":"wp","href":"https:\/\/api.w.org\/{rel}","templated":true}]}}