{"id":2854,"date":"2024-04-11T05:19:18","date_gmt":"2024-04-11T05:19:18","guid":{"rendered":"https:\/\/labodegademariaa.com\/?post_type=product&#038;p=2854"},"modified":"2024-07-30T08:26:07","modified_gmt":"2024-07-30T08:26:07","slug":"uriage-bariesun-stick-mineral-spf50-8ml","status":"publish","type":"product","link":"https:\/\/labodegademariaa.com\/index.php\/product\/uriage-bariesun-stick-mineral-spf50-8ml\/","title":{"rendered":"Uriage bari\u00e9sun stick mineral SPF50 + 8ml"},"content":{"rendered":"<p>Uriage Bariesun crema mineral spf 50+ es una crema solar a base de antioxidantes y nutrientes. Gracias a la sinergia de sus principios activos, este producto es \u00fatil para prevenir quemaduras solares y erupciones, proteger las c\u00e9lulas del dano causado por los rayos del sol. Combate la oxidaci\u00f3n celular.<\/p>\n","protected":false},"excerpt":{"rendered":"<p>Uriage Bariesun crema mineral spf 50+ es una crema solar a base de antioxidantes y nutrientes. Gracias a la sinergia de sus principios activos, este producto es \u00fatil para prevenir quemaduras solares y erupciones, proteger las c\u00e9lulas del dano causado por los rayos del sol. Combate la oxidaci\u00f3n celular.<\/p>\n","protected":false},"featured_media":2855,"comment_status":"open","ping_status":"closed","template":"","meta":{"_joinchat":[]},"product_cat":[129,140],"product_tag":[],"_links":{"self":[{"href":"https:\/\/labodegademariaa.com\/index.php\/wp-json\/wp\/v2\/product\/2854"}],"collection":[{"href":"https:\/\/labodegademariaa.com\/index.php\/wp-json\/wp\/v2\/product"}],"about":[{"href":"https:\/\/labodegademariaa.com\/index.php\/wp-json\/wp\/v2\/types\/product"}],"replies":[{"embeddable":true,"href":"https:\/\/labodegademariaa.com\/index.php\/wp-json\/wp\/v2\/comments?post=2854"}],"wp:featuredmedia":[{"embeddable":true,"href":"https:\/\/labodegademariaa.com\/index.php\/wp-json\/wp\/v2\/media\/2855"}],"wp:attachment":[{"href":"https:\/\/labodegademariaa.com\/index.php\/wp-json\/wp\/v2\/media?parent=2854"}],"wp:term":[{"taxonomy":"product_cat","embeddable":true,"href":"https:\/\/labodegademariaa.com\/index.php\/wp-json\/wp\/v2\/product_cat?post=2854"},{"taxonomy":"product_tag","embeddable":true,"href":"https:\/\/labodegademariaa.com\/index.php\/wp-json\/wp\/v2\/product_tag?post=2854"}],"curies":[{"name":"wp","href":"https:\/\/api.w.org\/{rel}","templated":true}]}}