{"id":2888,"date":"2024-04-11T06:04:13","date_gmt":"2024-04-11T06:04:13","guid":{"rendered":"https:\/\/labodegademariaa.com\/?post_type=product&#038;p=2888"},"modified":"2024-06-17T09:10:33","modified_gmt":"2024-06-17T09:10:33","slug":"svr-densitium-bi-suero-antiedad-2x-15ml","status":"publish","type":"product","link":"https:\/\/labodegademariaa.com\/index.php\/product\/svr-densitium-bi-suero-antiedad-2x-15ml\/","title":{"rendered":"SVR densitium bi-suero antiedad 2x 15ml"},"content":{"rendered":"<p>BI- suero antigravedad, densidad y nutrici\u00f3n intensa para rostro, cuello, y papada. 2 f\u00f3rmulas con una concentraci\u00f3n (45%) de activos dermat\u00f3logicos antiedad para combatir los 3 principales problemas de la piel madura: flacidez cut\u00e1nea, arrugas y sequedad extrema. Textura sensorial con efecto tonificante que aporta confort y elasticidad sin tener un acabado graso y pegajoso. Testado dermat\u00f3logicamente en pieles sensibles.<\/p>\n<p>&nbsp;<\/p>\n","protected":false},"excerpt":{"rendered":"<p>BI- suero antigravedad, densidad y nutrici\u00f3n intensa para rostro, cuello, y papada. 2 f\u00f3rmulas con una concentraci\u00f3n (45%) de activos dermat\u00f3logicos antiedad para combatir los 3 principales problemas de la piel madura: flacidez cut\u00e1nea, arrugas y sequedad extrema. Textura sensorial con efecto tonificante que aporta confort y elasticidad sin tener un acabado graso y pegajoso.<\/p>\n<div class=\"klb-readmore entry-button\"><a class=\"btn read-more\" href=\"https:\/\/labodegademariaa.com\/index.php\/product\/svr-densitium-bi-suero-antiedad-2x-15ml\/\">Read More<\/a><\/div>\n","protected":false},"featured_media":2889,"comment_status":"open","ping_status":"closed","template":"","meta":{"_joinchat":[]},"product_cat":[144,142],"product_tag":[],"_links":{"self":[{"href":"https:\/\/labodegademariaa.com\/index.php\/wp-json\/wp\/v2\/product\/2888"}],"collection":[{"href":"https:\/\/labodegademariaa.com\/index.php\/wp-json\/wp\/v2\/product"}],"about":[{"href":"https:\/\/labodegademariaa.com\/index.php\/wp-json\/wp\/v2\/types\/product"}],"replies":[{"embeddable":true,"href":"https:\/\/labodegademariaa.com\/index.php\/wp-json\/wp\/v2\/comments?post=2888"}],"wp:featuredmedia":[{"embeddable":true,"href":"https:\/\/labodegademariaa.com\/index.php\/wp-json\/wp\/v2\/media\/2889"}],"wp:attachment":[{"href":"https:\/\/labodegademariaa.com\/index.php\/wp-json\/wp\/v2\/media?parent=2888"}],"wp:term":[{"taxonomy":"product_cat","embeddable":true,"href":"https:\/\/labodegademariaa.com\/index.php\/wp-json\/wp\/v2\/product_cat?post=2888"},{"taxonomy":"product_tag","embeddable":true,"href":"https:\/\/labodegademariaa.com\/index.php\/wp-json\/wp\/v2\/product_tag?post=2888"}],"curies":[{"name":"wp","href":"https:\/\/api.w.org\/{rel}","templated":true}]}}