{"id":2890,"date":"2024-04-11T06:07:41","date_gmt":"2024-04-11T06:07:41","guid":{"rendered":"https:\/\/labodegademariaa.com\/?post_type=product&#038;p=2890"},"modified":"2024-06-16T08:17:08","modified_gmt":"2024-06-16T08:17:08","slug":"the-ordinary-multi-peptidi-suero","status":"publish","type":"product","link":"https:\/\/labodegademariaa.com\/index.php\/product\/the-ordinary-multi-peptidi-suero\/","title":{"rendered":"The Ordinary multi peptidi suero"},"content":{"rendered":"<p>La formulaci\u00f3n de p\u00e9ptidos de alta resistencia Matrxyl 10% +HA de The Ordinary es una soluci\u00f3n para combatir eficazmente los signos del envejecimiento. Gracias a la combinaci\u00f3n de cuatro tecnolog\u00edas de p\u00e9ptidos disenadas por expertos, amino\u00e1cidos respetuosos con la piel y m\u00e1s complejos de \u00e1cido hialur\u00f3nico, ayuda a reducir considerablemente la formaci\u00f3n de l\u00edneas finas al mismo tiempo que fortalece la elasticidad y firmeza de la piel.<\/p>\n","protected":false},"excerpt":{"rendered":"<p>La formulaci\u00f3n de p\u00e9ptidos de alta resistencia Matrxyl 10% +HA de The Ordinary es una soluci\u00f3n para combatir eficazmente los signos del envejecimiento. Gracias a la combinaci\u00f3n de cuatro tecnolog\u00edas de p\u00e9ptidos disenadas por expertos, amino\u00e1cidos respetuosos con la piel y m\u00e1s complejos de \u00e1cido hialur\u00f3nico, ayuda a reducir considerablemente la formaci\u00f3n de l\u00edneas finas<\/p>\n<div class=\"klb-readmore entry-button\"><a class=\"btn read-more\" href=\"https:\/\/labodegademariaa.com\/index.php\/product\/the-ordinary-multi-peptidi-suero\/\">Read More<\/a><\/div>\n","protected":false},"featured_media":2891,"comment_status":"open","ping_status":"closed","template":"","meta":{"_joinchat":[]},"product_cat":[144,145],"product_tag":[],"_links":{"self":[{"href":"https:\/\/labodegademariaa.com\/index.php\/wp-json\/wp\/v2\/product\/2890"}],"collection":[{"href":"https:\/\/labodegademariaa.com\/index.php\/wp-json\/wp\/v2\/product"}],"about":[{"href":"https:\/\/labodegademariaa.com\/index.php\/wp-json\/wp\/v2\/types\/product"}],"replies":[{"embeddable":true,"href":"https:\/\/labodegademariaa.com\/index.php\/wp-json\/wp\/v2\/comments?post=2890"}],"wp:featuredmedia":[{"embeddable":true,"href":"https:\/\/labodegademariaa.com\/index.php\/wp-json\/wp\/v2\/media\/2891"}],"wp:attachment":[{"href":"https:\/\/labodegademariaa.com\/index.php\/wp-json\/wp\/v2\/media?parent=2890"}],"wp:term":[{"taxonomy":"product_cat","embeddable":true,"href":"https:\/\/labodegademariaa.com\/index.php\/wp-json\/wp\/v2\/product_cat?post=2890"},{"taxonomy":"product_tag","embeddable":true,"href":"https:\/\/labodegademariaa.com\/index.php\/wp-json\/wp\/v2\/product_tag?post=2890"}],"curies":[{"name":"wp","href":"https:\/\/api.w.org\/{rel}","templated":true}]}}