{"id":2898,"date":"2024-04-11T06:13:40","date_gmt":"2024-04-11T06:13:40","guid":{"rendered":"https:\/\/labodegademariaa.com\/?post_type=product&#038;p=2898"},"modified":"2024-06-13T21:29:56","modified_gmt":"2024-06-13T21:29:56","slug":"the-ordinary-acido-hyaluronico-2","status":"publish","type":"product","link":"https:\/\/labodegademariaa.com\/index.php\/product\/the-ordinary-acido-hyaluronico-2\/","title":{"rendered":"The Ordinary acido hyaluronico 2%"},"content":{"rendered":"<p>The Ordinary \u00e1cido hialur\u00f3nico brinda hidrataci\u00f3n que dejar\u00e1 instant\u00e1neamente su piel con una apariencia m\u00e1s suave, tersa y brillante. su f\u00f3rmula ligera regenera la hidrataci\u00f3n de la piel durante todo el d\u00eda y ayuda a mantenerla.<\/p>\n","protected":false},"excerpt":{"rendered":"<p>The Ordinary \u00e1cido hialur\u00f3nico brinda hidrataci\u00f3n que dejar\u00e1 instant\u00e1neamente su piel con una apariencia m\u00e1s suave, tersa y brillante. su f\u00f3rmula ligera regenera la hidrataci\u00f3n de la piel durante todo el d\u00eda y ayuda a mantenerla.<\/p>\n","protected":false},"featured_media":2899,"comment_status":"open","ping_status":"closed","template":"","meta":{"_joinchat":[]},"product_cat":[144,145],"product_tag":[],"_links":{"self":[{"href":"https:\/\/labodegademariaa.com\/index.php\/wp-json\/wp\/v2\/product\/2898"}],"collection":[{"href":"https:\/\/labodegademariaa.com\/index.php\/wp-json\/wp\/v2\/product"}],"about":[{"href":"https:\/\/labodegademariaa.com\/index.php\/wp-json\/wp\/v2\/types\/product"}],"replies":[{"embeddable":true,"href":"https:\/\/labodegademariaa.com\/index.php\/wp-json\/wp\/v2\/comments?post=2898"}],"wp:featuredmedia":[{"embeddable":true,"href":"https:\/\/labodegademariaa.com\/index.php\/wp-json\/wp\/v2\/media\/2899"}],"wp:attachment":[{"href":"https:\/\/labodegademariaa.com\/index.php\/wp-json\/wp\/v2\/media?parent=2898"}],"wp:term":[{"taxonomy":"product_cat","embeddable":true,"href":"https:\/\/labodegademariaa.com\/index.php\/wp-json\/wp\/v2\/product_cat?post=2898"},{"taxonomy":"product_tag","embeddable":true,"href":"https:\/\/labodegademariaa.com\/index.php\/wp-json\/wp\/v2\/product_tag?post=2898"}],"curies":[{"name":"wp","href":"https:\/\/api.w.org\/{rel}","templated":true}]}}