{"id":2900,"date":"2024-04-11T06:15:46","date_gmt":"2024-04-11T06:15:46","guid":{"rendered":"https:\/\/labodegademariaa.com\/?post_type=product&#038;p=2900"},"modified":"2024-06-13T05:14:25","modified_gmt":"2024-06-13T05:14:25","slug":"the-ordinary-suero-iluminante-alpha-arbutin-2-ha","status":"publish","type":"product","link":"https:\/\/labodegademariaa.com\/index.php\/product\/the-ordinary-suero-iluminante-alpha-arbutin-2-ha\/","title":{"rendered":"The Ordinary suero iluminante Alpha arbutin 2%+ HA"},"content":{"rendered":"<p>El suero Ordinary Alpha Arbutin 2%+HA tambi\u00e9n\u00a0 esta formulado para combatir el tono desigual de la piel con una combinaci\u00f3n de alfa arbutina pura y \u00e1cido hialur\u00f3nico. Mejora visiblemente la hiperpigmentaci\u00f3n, reduce las manchas, y sobre todo, ilumina la piel en general. Su PH esta entre 4,5 y 5,5 valores que se ha demostrado que minimizan el riesgo de degradaci\u00f3n de la alfa arbutina.<\/p>\n","protected":false},"excerpt":{"rendered":"<p>El suero Ordinary Alpha Arbutin 2%+HA tambi\u00e9n\u00a0 esta formulado para combatir el tono desigual de la piel con una combinaci\u00f3n de alfa arbutina pura y \u00e1cido hialur\u00f3nico. Mejora visiblemente la hiperpigmentaci\u00f3n, reduce las manchas, y sobre todo, ilumina la piel en general. Su PH esta entre 4,5 y 5,5 valores que se ha demostrado que<\/p>\n<div class=\"klb-readmore entry-button\"><a class=\"btn read-more\" href=\"https:\/\/labodegademariaa.com\/index.php\/product\/the-ordinary-suero-iluminante-alpha-arbutin-2-ha\/\">Read More<\/a><\/div>\n","protected":false},"featured_media":2901,"comment_status":"open","ping_status":"closed","template":"","meta":{"_joinchat":[]},"product_cat":[144,145],"product_tag":[],"_links":{"self":[{"href":"https:\/\/labodegademariaa.com\/index.php\/wp-json\/wp\/v2\/product\/2900"}],"collection":[{"href":"https:\/\/labodegademariaa.com\/index.php\/wp-json\/wp\/v2\/product"}],"about":[{"href":"https:\/\/labodegademariaa.com\/index.php\/wp-json\/wp\/v2\/types\/product"}],"replies":[{"embeddable":true,"href":"https:\/\/labodegademariaa.com\/index.php\/wp-json\/wp\/v2\/comments?post=2900"}],"wp:featuredmedia":[{"embeddable":true,"href":"https:\/\/labodegademariaa.com\/index.php\/wp-json\/wp\/v2\/media\/2901"}],"wp:attachment":[{"href":"https:\/\/labodegademariaa.com\/index.php\/wp-json\/wp\/v2\/media?parent=2900"}],"wp:term":[{"taxonomy":"product_cat","embeddable":true,"href":"https:\/\/labodegademariaa.com\/index.php\/wp-json\/wp\/v2\/product_cat?post=2900"},{"taxonomy":"product_tag","embeddable":true,"href":"https:\/\/labodegademariaa.com\/index.php\/wp-json\/wp\/v2\/product_tag?post=2900"}],"curies":[{"name":"wp","href":"https:\/\/api.w.org\/{rel}","templated":true}]}}