{"id":2904,"date":"2024-04-11T06:18:35","date_gmt":"2024-04-11T06:18:35","guid":{"rendered":"https:\/\/labodegademariaa.com\/?post_type=product&#038;p=2904"},"modified":"2024-06-12T07:36:01","modified_gmt":"2024-06-12T07:36:01","slug":"the-ordinary-natural-moisturizing-factoring-ha-100ml","status":"publish","type":"product","link":"https:\/\/labodegademariaa.com\/index.php\/product\/the-ordinary-natural-moisturizing-factoring-ha-100ml\/","title":{"rendered":"The Ordinary natural moisturizing factoring +HA 100ml"},"content":{"rendered":"<p>The ordinary natural moisturizins factoring+HA , hidrata profundamente la piel seca, enriquecida con factores hidratantes naturales +AH una f\u00f3rmula no grasa, una capa qu\u00edmica protectora que retiene la hidrataci\u00f3n adecuada en las partes m\u00e1s superficiales de la epidermis, dejando la piel m\u00e1s luminosa y saludable. La composici\u00f3n eficaz tiene toda una serie de ingredientes activos, como \u00e1ido l\u00e1tico, \u00e1cido hialur\u00f3nico, arginina y glicerina. Todos estos ingredientes act\u00faan juntos en sinergia y limitan la sequedad. Con el uso regular de la crema proteger\u00e1s la capa exterior de la piel y contribuir\u00e1s a una mejor apariencia.<\/p>\n","protected":false},"excerpt":{"rendered":"<p>The ordinary natural moisturizins factoring+HA , hidrata profundamente la piel seca, enriquecida con factores hidratantes naturales +AH una f\u00f3rmula no grasa, una capa qu\u00edmica protectora que retiene la hidrataci\u00f3n adecuada en las partes m\u00e1s superficiales de la epidermis, dejando la piel m\u00e1s luminosa y saludable. La composici\u00f3n eficaz tiene toda una serie de ingredientes activos,<\/p>\n<div class=\"klb-readmore entry-button\"><a class=\"btn read-more\" href=\"https:\/\/labodegademariaa.com\/index.php\/product\/the-ordinary-natural-moisturizing-factoring-ha-100ml\/\">Read More<\/a><\/div>\n","protected":false},"featured_media":2905,"comment_status":"open","ping_status":"closed","template":"","meta":{"_joinchat":[]},"product_cat":[136,145],"product_tag":[],"_links":{"self":[{"href":"https:\/\/labodegademariaa.com\/index.php\/wp-json\/wp\/v2\/product\/2904"}],"collection":[{"href":"https:\/\/labodegademariaa.com\/index.php\/wp-json\/wp\/v2\/product"}],"about":[{"href":"https:\/\/labodegademariaa.com\/index.php\/wp-json\/wp\/v2\/types\/product"}],"replies":[{"embeddable":true,"href":"https:\/\/labodegademariaa.com\/index.php\/wp-json\/wp\/v2\/comments?post=2904"}],"wp:featuredmedia":[{"embeddable":true,"href":"https:\/\/labodegademariaa.com\/index.php\/wp-json\/wp\/v2\/media\/2905"}],"wp:attachment":[{"href":"https:\/\/labodegademariaa.com\/index.php\/wp-json\/wp\/v2\/media?parent=2904"}],"wp:term":[{"taxonomy":"product_cat","embeddable":true,"href":"https:\/\/labodegademariaa.com\/index.php\/wp-json\/wp\/v2\/product_cat?post=2904"},{"taxonomy":"product_tag","embeddable":true,"href":"https:\/\/labodegademariaa.com\/index.php\/wp-json\/wp\/v2\/product_tag?post=2904"}],"curies":[{"name":"wp","href":"https:\/\/api.w.org\/{rel}","templated":true}]}}