{"id":2908,"date":"2024-04-11T06:24:42","date_gmt":"2024-04-11T06:24:42","guid":{"rendered":"https:\/\/labodegademariaa.com\/?post_type=product&#038;p=2908"},"modified":"2024-06-11T08:40:58","modified_gmt":"2024-06-11T08:40:58","slug":"rilastil-spray-protector-solar-corporal-spf50-200ml","status":"publish","type":"product","link":"https:\/\/labodegademariaa.com\/index.php\/product\/rilastil-spray-protector-solar-corporal-spf50-200ml\/","title":{"rendered":"Rilastil spray protector solar corporal SPF50 200ml"},"content":{"rendered":"<p>RILASTIL SPRAY PROTECTOR SOLAR CORPORAL 200ML SPF50, emulsi\u00f3n spray de la textura ligera y f\u00e1cil absorci\u00f3n,asegurando un confort \u00f3ptimo de la piel.\u00a0 Previene las quemaduras y eritemas solares, protege la piel tambi\u00e8n contra el envejecimiento celular precoce, regalando hidrataci\u00f3n y un bronceado dorado uniforme a tu piel. No comedog\u00e8nico, hipoalerg\u00e8nico.<\/p>\n","protected":false},"excerpt":{"rendered":"<p>RILASTIL SPRAY PROTECTOR SOLAR CORPORAL 200ML SPF50, emulsi\u00f3n spray de la textura ligera y f\u00e1cil absorci\u00f3n,asegurando un confort \u00f3ptimo de la piel.\u00a0 Previene las quemaduras y eritemas solares, protege la piel tambi\u00e8n contra el envejecimiento celular precoce, regalando hidrataci\u00f3n y un bronceado dorado uniforme a tu piel. No comedog\u00e8nico, hipoalerg\u00e8nico.<\/p>\n","protected":false},"featured_media":2909,"comment_status":"open","ping_status":"closed","template":"","meta":{"_joinchat":[]},"product_cat":[149,150],"product_tag":[],"_links":{"self":[{"href":"https:\/\/labodegademariaa.com\/index.php\/wp-json\/wp\/v2\/product\/2908"}],"collection":[{"href":"https:\/\/labodegademariaa.com\/index.php\/wp-json\/wp\/v2\/product"}],"about":[{"href":"https:\/\/labodegademariaa.com\/index.php\/wp-json\/wp\/v2\/types\/product"}],"replies":[{"embeddable":true,"href":"https:\/\/labodegademariaa.com\/index.php\/wp-json\/wp\/v2\/comments?post=2908"}],"wp:featuredmedia":[{"embeddable":true,"href":"https:\/\/labodegademariaa.com\/index.php\/wp-json\/wp\/v2\/media\/2909"}],"wp:attachment":[{"href":"https:\/\/labodegademariaa.com\/index.php\/wp-json\/wp\/v2\/media?parent=2908"}],"wp:term":[{"taxonomy":"product_cat","embeddable":true,"href":"https:\/\/labodegademariaa.com\/index.php\/wp-json\/wp\/v2\/product_cat?post=2908"},{"taxonomy":"product_tag","embeddable":true,"href":"https:\/\/labodegademariaa.com\/index.php\/wp-json\/wp\/v2\/product_tag?post=2908"}],"curies":[{"name":"wp","href":"https:\/\/api.w.org\/{rel}","templated":true}]}}