{"id":2910,"date":"2024-04-11T06:25:45","date_gmt":"2024-04-11T06:25:45","guid":{"rendered":"https:\/\/labodegademariaa.com\/?post_type=product&#038;p=2910"},"modified":"2024-06-11T08:47:21","modified_gmt":"2024-06-11T08:47:21","slug":"rilastil-ultra-protector-fluido-facial-75-ml-spf100","status":"publish","type":"product","link":"https:\/\/labodegademariaa.com\/index.php\/product\/rilastil-ultra-protector-fluido-facial-75-ml-spf100\/","title":{"rendered":"Rilastil ultra protector fluido facial 75 ml SPF100"},"content":{"rendered":"<p>RILASTIL UTRA PROTECOR FLUIDO 100, emulsi\u00f3n hidratante y protectiva, indicada para proteger en caso de alteraci\u00f3n cutanea, para piel sensibles y reactivas, en particular sujetos con fototipo claro. La textura ultraligera y de f\u00e1cil absorci\u00f3n. Con Pro DNA complex que ayuda a proteger el DNA celular del da<\/p>\n","protected":false},"excerpt":{"rendered":"<p>RILASTIL UTRA PROTECOR FLUIDO 100, emulsi\u00f3n hidratante y protectiva, indicada para proteger en caso de alteraci\u00f3n cutanea, para piel sensibles y reactivas, en particular sujetos con fototipo claro. La textura ultraligera y de f\u00e1cil absorci\u00f3n. Con Pro DNA complex que ayuda a proteger el DNA celular del da<\/p>\n","protected":false},"featured_media":2928,"comment_status":"open","ping_status":"closed","template":"","meta":{"_joinchat":[]},"product_cat":[149,150],"product_tag":[],"_links":{"self":[{"href":"https:\/\/labodegademariaa.com\/index.php\/wp-json\/wp\/v2\/product\/2910"}],"collection":[{"href":"https:\/\/labodegademariaa.com\/index.php\/wp-json\/wp\/v2\/product"}],"about":[{"href":"https:\/\/labodegademariaa.com\/index.php\/wp-json\/wp\/v2\/types\/product"}],"replies":[{"embeddable":true,"href":"https:\/\/labodegademariaa.com\/index.php\/wp-json\/wp\/v2\/comments?post=2910"}],"wp:featuredmedia":[{"embeddable":true,"href":"https:\/\/labodegademariaa.com\/index.php\/wp-json\/wp\/v2\/media\/2928"}],"wp:attachment":[{"href":"https:\/\/labodegademariaa.com\/index.php\/wp-json\/wp\/v2\/media?parent=2910"}],"wp:term":[{"taxonomy":"product_cat","embeddable":true,"href":"https:\/\/labodegademariaa.com\/index.php\/wp-json\/wp\/v2\/product_cat?post=2910"},{"taxonomy":"product_tag","embeddable":true,"href":"https:\/\/labodegademariaa.com\/index.php\/wp-json\/wp\/v2\/product_tag?post=2910"}],"curies":[{"name":"wp","href":"https:\/\/api.w.org\/{rel}","templated":true}]}}