{"id":2916,"date":"2024-04-11T06:30:48","date_gmt":"2024-04-11T06:30:48","guid":{"rendered":"https:\/\/labodegademariaa.com\/?post_type=product&#038;p=2916"},"modified":"2024-06-17T09:41:35","modified_gmt":"2024-06-17T09:41:35","slug":"rilastil-sun-system-water-touch-mat-sp30-50ml","status":"publish","type":"product","link":"https:\/\/labodegademariaa.com\/index.php\/product\/rilastil-sun-system-water-touch-mat-sp30-50ml\/","title":{"rendered":"Rilastil Sun System water touch Mat SP30 50ml"},"content":{"rendered":"<p>Fluido solar hidratante con f\u00f3rmula sin emulsionantes de acci\u00f3n suavizante y matificante. Formulado para recudir el riesgo de irritaci\u00f3n ocular. Previene la aparici\u00f3n de quemaduras solares y manchas . Indicado para pieles sensibles, normales y mixtas. Acci\u00f3n antioxidante y matificante. Ayuda a proteger el ADN celular, da\u00f1o oxidativo de los rayos UV.<\/p>\n","protected":false},"excerpt":{"rendered":"<p>Fluido solar hidratante con f\u00f3rmula sin emulsionantes de acci\u00f3n suavizante y matificante. Formulado para recudir el riesgo de irritaci\u00f3n ocular. Previene la aparici\u00f3n de quemaduras solares y manchas . Indicado para pieles sensibles, normales y mixtas. Acci\u00f3n antioxidante y matificante. Ayuda a proteger el ADN celular, da\u00f1o oxidativo de los rayos UV.<\/p>\n","protected":false},"featured_media":2917,"comment_status":"open","ping_status":"closed","template":"","meta":{"_joinchat":[]},"product_cat":[136,149],"product_tag":[],"_links":{"self":[{"href":"https:\/\/labodegademariaa.com\/index.php\/wp-json\/wp\/v2\/product\/2916"}],"collection":[{"href":"https:\/\/labodegademariaa.com\/index.php\/wp-json\/wp\/v2\/product"}],"about":[{"href":"https:\/\/labodegademariaa.com\/index.php\/wp-json\/wp\/v2\/types\/product"}],"replies":[{"embeddable":true,"href":"https:\/\/labodegademariaa.com\/index.php\/wp-json\/wp\/v2\/comments?post=2916"}],"wp:featuredmedia":[{"embeddable":true,"href":"https:\/\/labodegademariaa.com\/index.php\/wp-json\/wp\/v2\/media\/2917"}],"wp:attachment":[{"href":"https:\/\/labodegademariaa.com\/index.php\/wp-json\/wp\/v2\/media?parent=2916"}],"wp:term":[{"taxonomy":"product_cat","embeddable":true,"href":"https:\/\/labodegademariaa.com\/index.php\/wp-json\/wp\/v2\/product_cat?post=2916"},{"taxonomy":"product_tag","embeddable":true,"href":"https:\/\/labodegademariaa.com\/index.php\/wp-json\/wp\/v2\/product_tag?post=2916"}],"curies":[{"name":"wp","href":"https:\/\/api.w.org\/{rel}","templated":true}]}}